{"id":3259,"date":"2023-07-27T14:31:19","date_gmt":"2023-07-27T14:31:19","guid":{"rendered":"https:\/\/sacoaching.ca\/int\/?page_id=3259"},"modified":"2023-09-05T04:54:23","modified_gmt":"2023-09-05T04:54:23","slug":"partenariats","status":"publish","type":"page","link":"https:\/\/sacoaching.ca\/int\/elements\/partenariats\/","title":{"rendered":"Partenariats"},"content":{"rendered":"<section data-bb-version=\"4.5.9\" id=\"bt_bb_section69ee70715a71e\" class=\"bt_bb_section bt_bb_color_scheme_1 bt_bb_layout_boxed_1200 bt_bb_vertical_align_top bt_bb_background_overlay_dark_solid bt_bb_bottom_section_coverage_image bt_bb_section_with_bottom_coverage_image bt_bb_top_spacing_large bt_bb_bottom_spacing_extra_large\" style=\"; --section-primary-color:#ffffff; --section-secondary-color:#191919;\" data-bt-override-class=\"{&quot;bt_bb_top_spacing_&quot;:{&quot;current_class&quot;:&quot;bt_bb_top_spacing_large&quot;,&quot;xxl&quot;:&quot;large&quot;},&quot;bt_bb_bottom_spacing_&quot;:{&quot;current_class&quot;:&quot;bt_bb_bottom_spacing_extra_large&quot;,&quot;xxl&quot;:&quot;extra_large&quot;}}\"><div class=\"bt_bb_background_image_holder_wrapper\"><div class=\"bt_bb_background_image_holder bt_bb_parallax\"  data-parallax=\"0.6\" data-parallax-offset=\"0\" data-parallax-zoom-start=\"1\" data-parallax-zoom-end=\"1\" data-parallax-blur-start=\"0\" data-parallax-blur-end=\"0\" data-parallax-opacity-start=\"1\" data-parallax-opacity-end=\"1\" style=\" background-image:url(&#039;https:\/\/sacoaching.ca\/int\/wp-content\/uploads\/2023\/07\/Yayteamspirit.jpg&#039;);\"><\/div><\/div><div class=\"bt_bb_port\"><div class=\"bt_bb_cell\"><div class=\"bt_bb_cell_inner\"><div class=\"bt_bb_row_wrapper\"><div  class=\"bt_bb_row\"  data-bt-override-class=\"{}\"><div  class=\"bt_bb_column col-xxl-3 col-xl-3 bt_bb_vertical_align_top bt_bb_align_left bt_bb_padding_normal\"  data-width=\"3\" data-bt-override-class=\"{}\"><div class=\"bt_bb_column_content\"><div class=\"bt_bb_column_content_inner\"><\/div><\/div><\/div><div  class=\"bt_bb_column col-xxl-6 col-xl-6 bt_bb_vertical_align_middle bt_bb_align_center bt_bb_padding_normal bt_bb_animation_fade_in animate\"  data-width=\"6\" data-bt-override-class=\"{}\"><div class=\"bt_bb_column_content\"><div class=\"bt_bb_column_content_inner\"><div class=\"bt_bb_separator bt_bb_border_style_none bt_bb_border_color_none bt_bb_bottom_spacing_large\" data-bt-override-class=\"null\"><\/div><header data-bb-version=\"4.5.9\" class=\"bt_bb_headline bt_bb_dash_none bt_bb_size_huge bt_bb_align_inherit\" data-bt-override-class=\"{&quot;bt_bb_size_&quot;:{&quot;current_class&quot;:&quot;bt_bb_size_huge&quot;,&quot;xxl&quot;:&quot;huge&quot;},&quot;bt_bb_align_&quot;:{&quot;current_class&quot;:&quot;bt_bb_align_inherit&quot;,&quot;xxl&quot;:&quot;inherit&quot;}}\"><h1 class=\"bt_bb_headline_tag\"><span class=\"bt_bb_headline_content\"><span>Partenariats et collaborations<\/span><\/span><\/h1><\/header><\/div><\/div><\/div><div  class=\"bt_bb_column col-xxl-3 col-xl-3 bt_bb_vertical_align_top bt_bb_align_left bt_bb_padding_normal\"  data-width=\"3\" data-bt-override-class=\"{}\"><div class=\"bt_bb_column_content\"><div class=\"bt_bb_column_content_inner\"><\/div><\/div><\/div><\/div><\/div><\/div><!-- cell_inner --><\/div><!-- cell --><\/div><!-- port --><div class=\"bt_bb_section_bottom_section_coverage_image\"><img decoding=\"async\" src=\"https:\/\/sacoaching.ca\/int\/wp-content\/uploads\/2020\/08\/Wave_White_bottom_right_shape_03.png\" alt=\"bt_bb_section_bottom_section_coverage_image\" \/><\/div><\/section><section id=\"bt_bb_section69ee70715aa33\" class=\"bt_bb_section bt_bb_layout_boxed_1200\"  data-bt-override-class=\"null\"><div class=\"bt_bb_port\"><div class=\"bt_bb_cell\"><div class=\"bt_bb_cell_inner\"><\/div><!-- cell_inner --><\/div><!-- cell --><\/div><!-- port --><\/section><section data-bb-version=\"4.5.9\" id=\"bt_bb_section69ee70715aa7b\" class=\"bt_bb_section bt_bb_layout_boxed_1200\"  data-bt-override-class=\"null\"><div class=\"bt_bb_port\"><div class=\"bt_bb_cell\"><div class=\"bt_bb_cell_inner\"><div class=\"bt_bb_row_wrapper\"><div  class=\"bt_bb_row\"  data-bt-override-class=\"{}\"><div data-bb-version=\"4.5.9\"  class=\"bt_bb_column col-xxl-12 col-xl-12 col-xs-12 col-sm-12 col-md-12 col-lg-12 bt_bb_vertical_align_top bt_bb_align_left bt_bb_padding_normal\"  data-width=\"12\" data-bt-override-class=\"{}\"><div class=\"bt_bb_column_content\"><div class=\"bt_bb_column_content_inner\"><div data-bb-version=\"4.5.9\" class=\"bt_bb_separator btWithText bt_bb_border_style_none bt_bb_border_color_none bt_bb_top_spacing_100 bt_bb_bottom_spacing_100\" data-bt-override-class=\"{&quot;bt_bb_top_spacing_&quot;:{&quot;current_class&quot;:&quot;bt_bb_top_spacing_100&quot;,&quot;xxl&quot;:&quot;100&quot;},&quot;bt_bb_bottom_spacing_&quot;:{&quot;current_class&quot;:&quot;bt_bb_bottom_spacing_100&quot;,&quot;xxl&quot;:&quot;100&quot;}}\"><span class=\"bt_bb_separator_text\">Nous d\u00e9veloppons actuellement des partenariats \u00e0 l'\u00e9chelle internationale, notre site sera mis \u00e0 jour bient\u00f4t.<\/span><\/div><\/div><\/div><\/div><\/div><\/div><\/div><!-- cell_inner --><\/div><!-- cell --><\/div><!-- port --><\/section>","protected":false},"excerpt":{"rendered":"","protected":false},"author":1,"featured_media":0,"parent":1348,"menu_order":0,"comment_status":"closed","ping_status":"closed","template":"","meta":{"footnotes":""},"class_list":["post-3259","page","type-page","status-publish","hentry"],"yoast_head":"<!-- This site is optimized with the Yoast SEO plugin v20.11 - https:\/\/yoast.com\/wordpress\/plugins\/seo\/ -->\n<title>Partenariats - SA COACHING<\/title>\n<meta name=\"robots\" content=\"index, follow, max-snippet:-1, max-image-preview:large, max-video-preview:-1\" \/>\n<link rel=\"canonical\" href=\"https:\/\/sacoaching.ca\/int\/elements\/partenariats\/\" \/>\n<meta property=\"og:locale\" content=\"fr_FR\" \/>\n<meta property=\"og:type\" content=\"article\" \/>\n<meta property=\"og:title\" content=\"Partenariats - SA COACHING\" \/>\n<meta property=\"og:url\" content=\"https:\/\/sacoaching.ca\/int\/elements\/partenariats\/\" \/>\n<meta property=\"og:site_name\" content=\"SA COACHING\" \/>\n<meta property=\"article:modified_time\" content=\"2023-09-05T04:54:23+00:00\" \/>\n<meta name=\"twitter:card\" content=\"summary_large_image\" \/>\n<meta name=\"twitter:label1\" content=\"Dur\u00e9e de lecture estim\u00e9e\" \/>\n\t<meta name=\"twitter:data1\" content=\"1 minute\" \/>\n<script type=\"application\/ld+json\" class=\"yoast-schema-graph\">{\"@context\":\"https:\/\/schema.org\",\"@graph\":[{\"@type\":\"WebPage\",\"@id\":\"https:\/\/sacoaching.ca\/int\/elements\/partenariats\/\",\"url\":\"https:\/\/sacoaching.ca\/int\/elements\/partenariats\/\",\"name\":\"Partenariats - SA COACHING\",\"isPartOf\":{\"@id\":\"https:\/\/sacoaching.ca\/int\/#website\"},\"datePublished\":\"2023-07-27T14:31:19+00:00\",\"dateModified\":\"2023-09-05T04:54:23+00:00\",\"breadcrumb\":{\"@id\":\"https:\/\/sacoaching.ca\/int\/elements\/partenariats\/#breadcrumb\"},\"inLanguage\":\"fr-FR\",\"potentialAction\":[{\"@type\":\"ReadAction\",\"target\":[\"https:\/\/sacoaching.ca\/int\/elements\/partenariats\/\"]}]},{\"@type\":\"BreadcrumbList\",\"@id\":\"https:\/\/sacoaching.ca\/int\/elements\/partenariats\/#breadcrumb\",\"itemListElement\":[{\"@type\":\"ListItem\",\"position\":1,\"name\":\"Home\",\"item\":\"https:\/\/sacoaching.ca\/int\/\"},{\"@type\":\"ListItem\",\"position\":2,\"name\":\"Elements\",\"item\":\"https:\/\/sacoaching.ca\/int\/elements\/\"},{\"@type\":\"ListItem\",\"position\":3,\"name\":\"Partenariats\"}]},{\"@type\":\"WebSite\",\"@id\":\"https:\/\/sacoaching.ca\/int\/#website\",\"url\":\"https:\/\/sacoaching.ca\/int\/\",\"name\":\"SA COACHING\",\"description\":\"Osez  agir pour r\u00e9ussir\",\"potentialAction\":[{\"@type\":\"SearchAction\",\"target\":{\"@type\":\"EntryPoint\",\"urlTemplate\":\"https:\/\/sacoaching.ca\/int\/?s={search_term_string}\"},\"query-input\":\"required name=search_term_string\"}],\"inLanguage\":\"fr-FR\"}]}<\/script>\n<!-- \/ Yoast SEO plugin. -->","yoast_head_json":{"title":"Partenariats - SA COACHING","robots":{"index":"index","follow":"follow","max-snippet":"max-snippet:-1","max-image-preview":"max-image-preview:large","max-video-preview":"max-video-preview:-1"},"canonical":"https:\/\/sacoaching.ca\/int\/elements\/partenariats\/","og_locale":"fr_FR","og_type":"article","og_title":"Partenariats - SA COACHING","og_url":"https:\/\/sacoaching.ca\/int\/elements\/partenariats\/","og_site_name":"SA COACHING","article_modified_time":"2023-09-05T04:54:23+00:00","twitter_card":"summary_large_image","twitter_misc":{"Dur\u00e9e de lecture estim\u00e9e":"1 minute"},"schema":{"@context":"https:\/\/schema.org","@graph":[{"@type":"WebPage","@id":"https:\/\/sacoaching.ca\/int\/elements\/partenariats\/","url":"https:\/\/sacoaching.ca\/int\/elements\/partenariats\/","name":"Partenariats - SA COACHING","isPartOf":{"@id":"https:\/\/sacoaching.ca\/int\/#website"},"datePublished":"2023-07-27T14:31:19+00:00","dateModified":"2023-09-05T04:54:23+00:00","breadcrumb":{"@id":"https:\/\/sacoaching.ca\/int\/elements\/partenariats\/#breadcrumb"},"inLanguage":"fr-FR","potentialAction":[{"@type":"ReadAction","target":["https:\/\/sacoaching.ca\/int\/elements\/partenariats\/"]}]},{"@type":"BreadcrumbList","@id":"https:\/\/sacoaching.ca\/int\/elements\/partenariats\/#breadcrumb","itemListElement":[{"@type":"ListItem","position":1,"name":"Home","item":"https:\/\/sacoaching.ca\/int\/"},{"@type":"ListItem","position":2,"name":"Elements","item":"https:\/\/sacoaching.ca\/int\/elements\/"},{"@type":"ListItem","position":3,"name":"Partenariats"}]},{"@type":"WebSite","@id":"https:\/\/sacoaching.ca\/int\/#website","url":"https:\/\/sacoaching.ca\/int\/","name":"SA COACHING","description":"Osez  agir pour r\u00e9ussir","potentialAction":[{"@type":"SearchAction","target":{"@type":"EntryPoint","urlTemplate":"https:\/\/sacoaching.ca\/int\/?s={search_term_string}"},"query-input":"required name=search_term_string"}],"inLanguage":"fr-FR"}]}},"_links":{"self":[{"href":"https:\/\/sacoaching.ca\/int\/wp-json\/wp\/v2\/pages\/3259","targetHints":{"allow":["GET"]}}],"collection":[{"href":"https:\/\/sacoaching.ca\/int\/wp-json\/wp\/v2\/pages"}],"about":[{"href":"https:\/\/sacoaching.ca\/int\/wp-json\/wp\/v2\/types\/page"}],"author":[{"embeddable":true,"href":"https:\/\/sacoaching.ca\/int\/wp-json\/wp\/v2\/users\/1"}],"replies":[{"embeddable":true,"href":"https:\/\/sacoaching.ca\/int\/wp-json\/wp\/v2\/comments?post=3259"}],"version-history":[{"count":12,"href":"https:\/\/sacoaching.ca\/int\/wp-json\/wp\/v2\/pages\/3259\/revisions"}],"predecessor-version":[{"id":3468,"href":"https:\/\/sacoaching.ca\/int\/wp-json\/wp\/v2\/pages\/3259\/revisions\/3468"}],"up":[{"embeddable":true,"href":"https:\/\/sacoaching.ca\/int\/wp-json\/wp\/v2\/pages\/1348"}],"wp:attachment":[{"href":"https:\/\/sacoaching.ca\/int\/wp-json\/wp\/v2\/media?parent=3259"}],"curies":[{"name":"wp","href":"https:\/\/api.w.org\/{rel}","templated":true}]}}